{"id":11903,"date":"2022-05-31T18:08:41","date_gmt":"2022-05-31T18:08:41","guid":{"rendered":"https:\/\/hcontrolfilm.com.br\/novo\/?page_id=11903"},"modified":"2022-06-05T00:47:12","modified_gmt":"2022-06-05T00:47:12","slug":"pelicula-box-blindex-vidro","status":"publish","type":"page","link":"https:\/\/hcontrolfilm.com.br\/novo\/pelicula-box-blindex-vidro\/","title":{"rendered":"Pel\u00edcula Box Blindex de Vidro"},"content":{"rendered":"\t\t<div data-elementor-type=\"wp-post\" data-elementor-id=\"11903\" class=\"elementor elementor-11903\">\n\t\t\t\t\t\t<section class=\"elementor-section elementor-top-section elementor-element elementor-element-b0d353c elementor-section-boxed elementor-section-height-default elementor-section-height-default\" data-id=\"b0d353c\" data-element_type=\"section\" data-e-type=\"section\" data-settings=\"{&quot;background_background&quot;:&quot;classic&quot;}\">\n\t\t\t\t\t\t\t<div class=\"elementor-background-overlay\"><\/div>\n\t\t\t\t\t\t\t<div class=\"elementor-container elementor-column-gap-no\">\n\t\t\t\t\t<div class=\"elementor-column elementor-col-100 elementor-top-column elementor-element elementor-element-c9b84a8\" data-id=\"c9b84a8\" data-element_type=\"column\" data-e-type=\"column\" data-settings=\"{&quot;background_background&quot;:&quot;classic&quot;}\">\n\t\t\t<div class=\"elementor-widget-wrap elementor-element-populated\">\n\t\t\t\t\t\t<div class=\"elementor-element elementor-element-0ca422e elementor-widget elementor-widget-heading\" data-id=\"0ca422e\" data-element_type=\"widget\" data-e-type=\"widget\" data-widget_type=\"heading.default\">\n\t\t\t\t<div class=\"elementor-widget-container\">\n\t\t\t\t\t<h6 class=\"elementor-heading-title elementor-size-default\">Pel\u00edculas para Casas, Pr\u00e9dios e Arquitetura em Geral<\/h6>\t\t\t\t<\/div>\n\t\t\t\t<\/div>\n\t\t\t\t<div class=\"elementor-element elementor-element-e36dc84 elementor-widget elementor-widget-heading\" data-id=\"e36dc84\" data-element_type=\"widget\" data-e-type=\"widget\" data-widget_type=\"heading.default\">\n\t\t\t\t<div class=\"elementor-widget-container\">\n\t\t\t\t\t<h1 class=\"elementor-heading-title elementor-size-default\">Pel\u00edcula para Box Blindex<\/h1>\t\t\t\t<\/div>\n\t\t\t\t<\/div>\n\t\t\t\t<div class=\"elementor-element elementor-element-7dc7ff2 elementor-widget-divider--view-line elementor-widget elementor-widget-divider\" data-id=\"7dc7ff2\" data-element_type=\"widget\" data-e-type=\"widget\" data-widget_type=\"divider.default\">\n\t\t\t\t<div class=\"elementor-widget-container\">\n\t\t\t\t\t\t\t<div class=\"elementor-divider\">\n\t\t\t<span class=\"elementor-divider-separator\">\n\t\t\t\t\t\t<\/span>\n\t\t<\/div>\n\t\t\t\t\t\t<\/div>\n\t\t\t\t<\/div>\n\t\t\t\t<div class=\"elementor-element elementor-element-56132f9 elementor-widget elementor-widget-text-editor\" data-id=\"56132f9\" data-element_type=\"widget\" data-e-type=\"widget\" data-widget_type=\"text-editor.default\">\n\t\t\t\t<div class=\"elementor-widget-container\">\n\t\t\t\t\t\t\t\t\t<p>Se voc\u00ea tem box blindex com vidro transparente em sua casa, saiba que pode transform\u00e1-lo em um box mais atraente, repaginado, como se fosse um nov, sem gastar muito com esse servi\u00e7o e voc\u00ea pode escolher a cor e estampa que quiser.<\/p><p><strong>Benef\u00edcios:<\/strong><\/p><ul><li>Nova decora\u00e7\u00e3o ao banheiro<\/li><li>Blindex com aspecto de novo sempre<\/li><li>Se quiser mudar a cor, \u00e9 s\u00f3 entrar em contato conosco<\/li><li>Caso o vidro quebre a pel\u00edcula segura os estilha\u00e7os<\/li><li>Privacidade<\/li><li>Voc\u00ea escolhe a estampa, altura, etc.<\/li><\/ul>\t\t\t\t\t\t\t\t<\/div>\n\t\t\t\t<\/div>\n\t\t\t\t<div class=\"elementor-element elementor-element-81aef39 elementor-mobile-align-left elementor-widget elementor-widget-button\" data-id=\"81aef39\" data-element_type=\"widget\" data-e-type=\"widget\" data-widget_type=\"button.default\">\n\t\t\t\t<div class=\"elementor-widget-container\">\n\t\t\t\t\t\t\t\t\t<div class=\"elementor-button-wrapper\">\n\t\t\t\t\t<a class=\"elementor-button elementor-button-link elementor-size-md\" href=\"https:\/\/api.whatsapp.com\/send?phone=5521964222431\" target=\"_blank\" rel=\"noopener\">\n\t\t\t\t\t\t<span class=\"elementor-button-content-wrapper\">\n\t\t\t\t\t\t<span class=\"elementor-button-icon\">\n\t\t\t\t<i aria-hidden=\"true\" class=\"fab fa-whatsapp\"><\/i>\t\t\t<\/span>\n\t\t\t\t\t\t\t\t\t<span class=\"elementor-button-text\">Fale com um especialista<\/span>\n\t\t\t\t\t<\/span>\n\t\t\t\t\t<\/a>\n\t\t\t\t<\/div>\n\t\t\t\t\t\t\t\t<\/div>\n\t\t\t\t<\/div>\n\t\t\t\t\t<\/div>\n\t\t<\/div>\n\t\t\t\t\t<\/div>\n\t\t<\/section>\n\t\t\t\t<section class=\"elementor-section elementor-top-section elementor-element elementor-element-c48af61 elementor-section-boxed elementor-section-height-default elementor-section-height-default\" data-id=\"c48af61\" data-element_type=\"section\" data-e-type=\"section\">\n\t\t\t\t\t\t<div class=\"elementor-container elementor-column-gap-no\">\n\t\t\t\t\t<div class=\"elementor-column elementor-col-100 elementor-top-column elementor-element elementor-element-fed7aae\" data-id=\"fed7aae\" data-element_type=\"column\" data-e-type=\"column\">\n\t\t\t<div class=\"elementor-widget-wrap elementor-element-populated\">\n\t\t\t\t\t\t<section class=\"elementor-section elementor-inner-section elementor-element elementor-element-2c104e2 elementor-section-boxed elementor-section-height-default elementor-section-height-default\" data-id=\"2c104e2\" data-element_type=\"section\" data-e-type=\"section\">\n\t\t\t\t\t\t<div class=\"elementor-container elementor-column-gap-no\">\n\t\t\t\t\t<div class=\"elementor-column elementor-col-100 elementor-inner-column elementor-element elementor-element-76baa14\" data-id=\"76baa14\" data-element_type=\"column\" data-e-type=\"column\">\n\t\t\t<div class=\"elementor-widget-wrap elementor-element-populated\">\n\t\t\t\t\t\t<div class=\"elementor-element elementor-element-5dc9fe0 elementor-widget elementor-widget-heading\" data-id=\"5dc9fe0\" data-element_type=\"widget\" data-e-type=\"widget\" data-widget_type=\"heading.default\">\n\t\t\t\t<div class=\"elementor-widget-container\">\n\t\t\t\t\t<h2 class=\"elementor-heading-title elementor-size-default\">Pel\u00edculas para box de vidro<\/h2>\t\t\t\t<\/div>\n\t\t\t\t<\/div>\n\t\t\t\t<div class=\"elementor-element elementor-element-c5259fd elementor-widget-divider--view-line elementor-widget elementor-widget-divider\" data-id=\"c5259fd\" data-element_type=\"widget\" data-e-type=\"widget\" data-widget_type=\"divider.default\">\n\t\t\t\t<div class=\"elementor-widget-container\">\n\t\t\t\t\t\t\t<div class=\"elementor-divider\">\n\t\t\t<span class=\"elementor-divider-separator\">\n\t\t\t\t\t\t<\/span>\n\t\t<\/div>\n\t\t\t\t\t\t<\/div>\n\t\t\t\t<\/div>\n\t\t\t\t\t<\/div>\n\t\t<\/div>\n\t\t\t\t\t<\/div>\n\t\t<\/section>\n\t\t\t\t<section class=\"elementor-section elementor-inner-section elementor-element elementor-element-552cc32 elementor-section-boxed elementor-section-height-default elementor-section-height-default\" data-id=\"552cc32\" data-element_type=\"section\" data-e-type=\"section\">\n\t\t\t\t\t\t<div class=\"elementor-container elementor-column-gap-no\">\n\t\t\t\t\t<div class=\"elementor-column elementor-col-100 elementor-inner-column elementor-element elementor-element-a0f2d03\" data-id=\"a0f2d03\" data-element_type=\"column\" data-e-type=\"column\" data-settings=\"{&quot;background_background&quot;:&quot;classic&quot;}\">\n\t\t\t<div class=\"elementor-widget-wrap elementor-element-populated\">\n\t\t\t\t\t\t<div class=\"elementor-element elementor-element-9f36840 elementor-widget elementor-widget-image-gallery\" data-id=\"9f36840\" data-element_type=\"widget\" data-e-type=\"widget\" data-widget_type=\"image-gallery.default\">\n\t\t\t\t<div class=\"elementor-widget-container\">\n\t\t\t\t\t\t\t<div class=\"elementor-image-gallery\">\n\t\t\t<div id='gallery-1' class='gallery galleryid-11903 gallery-columns-2 gallery-size-medium_large'><figure class='gallery-item'>\n\t\t\t<div class='gallery-icon portrait'>\n\t\t\t\t<a data-elementor-open-lightbox=\"yes\" data-elementor-lightbox-slideshow=\"9f36840\" data-elementor-lightbox-title=\"WhatsApp Image 2020-10-05 at 20.17.19 (2)\" data-e-action-hash=\"#elementor-action%3Aaction%3Dlightbox%26settings%3DeyJpZCI6MTMyNTksInVybCI6Imh0dHBzOlwvXC9oY29udHJvbGZpbG0uY29tLmJyXC9ub3ZvXC93cC1jb250ZW50XC91cGxvYWRzXC8yMDIyXC8wNlwvV2hhdHNBcHAtSW1hZ2UtMjAyMC0xMC0wNS1hdC0yMC4xNy4xOS0yLmpwZWciLCJzbGlkZXNob3ciOiI5ZjM2ODQwIn0%3D\" href=\"https:\/\/hcontrolfilm.com.br\/novo\/wp-content\/uploads\/2022\/06\/WhatsApp-Image-2020-10-05-at-20.17.19-2.jpeg\"><img fetchpriority=\"high\" decoding=\"async\" width=\"768\" height=\"1024\" src=\"https:\/\/hcontrolfilm.com.br\/novo\/wp-content\/uploads\/2022\/06\/WhatsApp-Image-2020-10-05-at-20.17.19-2-768x1024.jpeg\" class=\"attachment-medium_large size-medium_large\" alt=\"\" srcset=\"https:\/\/hcontrolfilm.com.br\/novo\/wp-content\/uploads\/2022\/06\/WhatsApp-Image-2020-10-05-at-20.17.19-2-768x1024.jpeg 768w, https:\/\/hcontrolfilm.com.br\/novo\/wp-content\/uploads\/2022\/06\/WhatsApp-Image-2020-10-05-at-20.17.19-2-225x300.jpeg 225w, https:\/\/hcontrolfilm.com.br\/novo\/wp-content\/uploads\/2022\/06\/WhatsApp-Image-2020-10-05-at-20.17.19-2.jpeg 960w\" sizes=\"(max-width: 768px) 100vw, 768px\" \/><\/a>\n\t\t\t<\/div><\/figure><figure class='gallery-item'>\n\t\t\t<div class='gallery-icon portrait'>\n\t\t\t\t<a data-elementor-open-lightbox=\"yes\" data-elementor-lightbox-slideshow=\"9f36840\" data-elementor-lightbox-title=\"WhatsApp Image 2020-10-05 at 20.17.22\" data-e-action-hash=\"#elementor-action%3Aaction%3Dlightbox%26settings%3DeyJpZCI6MTMyNjAsInVybCI6Imh0dHBzOlwvXC9oY29udHJvbGZpbG0uY29tLmJyXC9ub3ZvXC93cC1jb250ZW50XC91cGxvYWRzXC8yMDIyXC8wNlwvV2hhdHNBcHAtSW1hZ2UtMjAyMC0xMC0wNS1hdC0yMC4xNy4yMi5qcGVnIiwic2xpZGVzaG93IjoiOWYzNjg0MCJ9\" href=\"https:\/\/hcontrolfilm.com.br\/novo\/wp-content\/uploads\/2022\/06\/WhatsApp-Image-2020-10-05-at-20.17.22.jpeg\"><img decoding=\"async\" width=\"768\" height=\"1024\" src=\"https:\/\/hcontrolfilm.com.br\/novo\/wp-content\/uploads\/2022\/06\/WhatsApp-Image-2020-10-05-at-20.17.22-768x1024.jpeg\" class=\"attachment-medium_large size-medium_large\" alt=\"\" srcset=\"https:\/\/hcontrolfilm.com.br\/novo\/wp-content\/uploads\/2022\/06\/WhatsApp-Image-2020-10-05-at-20.17.22-768x1024.jpeg 768w, https:\/\/hcontrolfilm.com.br\/novo\/wp-content\/uploads\/2022\/06\/WhatsApp-Image-2020-10-05-at-20.17.22-225x300.jpeg 225w, https:\/\/hcontrolfilm.com.br\/novo\/wp-content\/uploads\/2022\/06\/WhatsApp-Image-2020-10-05-at-20.17.22.jpeg 960w\" sizes=\"(max-width: 768px) 100vw, 768px\" \/><\/a>\n\t\t\t<\/div><\/figure><figure class='gallery-item'>\n\t\t\t<div class='gallery-icon portrait'>\n\t\t\t\t<a data-elementor-open-lightbox=\"yes\" data-elementor-lightbox-slideshow=\"9f36840\" data-elementor-lightbox-title=\"WhatsApp Image 2020-11-20 at 21.01.25\" data-e-action-hash=\"#elementor-action%3Aaction%3Dlightbox%26settings%3DeyJpZCI6MTMyNjEsInVybCI6Imh0dHBzOlwvXC9oY29udHJvbGZpbG0uY29tLmJyXC9ub3ZvXC93cC1jb250ZW50XC91cGxvYWRzXC8yMDIyXC8wNlwvV2hhdHNBcHAtSW1hZ2UtMjAyMC0xMS0yMC1hdC0yMS4wMS4yNS5qcGVnIiwic2xpZGVzaG93IjoiOWYzNjg0MCJ9\" href=\"https:\/\/hcontrolfilm.com.br\/novo\/wp-content\/uploads\/2022\/06\/WhatsApp-Image-2020-11-20-at-21.01.25.jpeg\"><img decoding=\"async\" width=\"768\" height=\"1024\" src=\"https:\/\/hcontrolfilm.com.br\/novo\/wp-content\/uploads\/2022\/06\/WhatsApp-Image-2020-11-20-at-21.01.25-768x1024.jpeg\" class=\"attachment-medium_large size-medium_large\" alt=\"\" srcset=\"https:\/\/hcontrolfilm.com.br\/novo\/wp-content\/uploads\/2022\/06\/WhatsApp-Image-2020-11-20-at-21.01.25-768x1024.jpeg 768w, https:\/\/hcontrolfilm.com.br\/novo\/wp-content\/uploads\/2022\/06\/WhatsApp-Image-2020-11-20-at-21.01.25-225x300.jpeg 225w, https:\/\/hcontrolfilm.com.br\/novo\/wp-content\/uploads\/2022\/06\/WhatsApp-Image-2020-11-20-at-21.01.25.jpeg 960w\" sizes=\"(max-width: 768px) 100vw, 768px\" \/><\/a>\n\t\t\t<\/div><\/figure><figure class='gallery-item'>\n\t\t\t<div class='gallery-icon portrait'>\n\t\t\t\t<a data-elementor-open-lightbox=\"yes\" data-elementor-lightbox-slideshow=\"9f36840\" data-elementor-lightbox-title=\"insulfilm jateado\" data-e-action-hash=\"#elementor-action%3Aaction%3Dlightbox%26settings%3DeyJpZCI6MTMyNjMsInVybCI6Imh0dHBzOlwvXC9oY29udHJvbGZpbG0uY29tLmJyXC9ub3ZvXC93cC1jb250ZW50XC91cGxvYWRzXC8yMDIyXC8wNlwvaW5zdWxmaWxtLWphdGVhZG8tMS5qcGVnIiwic2xpZGVzaG93IjoiOWYzNjg0MCJ9\" href=\"https:\/\/hcontrolfilm.com.br\/novo\/wp-content\/uploads\/2022\/06\/insulfilm-jateado-1.jpeg\"><img loading=\"lazy\" decoding=\"async\" width=\"768\" height=\"1024\" src=\"https:\/\/hcontrolfilm.com.br\/novo\/wp-content\/uploads\/2022\/06\/insulfilm-jateado-1-768x1024.jpeg\" class=\"attachment-medium_large size-medium_large\" alt=\"\" srcset=\"https:\/\/hcontrolfilm.com.br\/novo\/wp-content\/uploads\/2022\/06\/insulfilm-jateado-1-768x1024.jpeg 768w, https:\/\/hcontrolfilm.com.br\/novo\/wp-content\/uploads\/2022\/06\/insulfilm-jateado-1-225x300.jpeg 225w, https:\/\/hcontrolfilm.com.br\/novo\/wp-content\/uploads\/2022\/06\/insulfilm-jateado-1.jpeg 960w\" sizes=\"(max-width: 768px) 100vw, 768px\" \/><\/a>\n\t\t\t<\/div><\/figure>\n\t\t<\/div>\n\t\t<\/div>\n\t\t\t\t\t\t<\/div>\n\t\t\t\t<\/div>\n\t\t\t\t\t<\/div>\n\t\t<\/div>\n\t\t\t\t\t<\/div>\n\t\t<\/section>\n\t\t\t\t\t<\/div>\n\t\t<\/div>\n\t\t\t\t\t<\/div>\n\t\t<\/section>\n\t\t\t\t<section class=\"elementor-section elementor-top-section elementor-element elementor-element-1fc29031 elementor-section-boxed elementor-section-height-default elementor-section-height-default\" data-id=\"1fc29031\" data-element_type=\"section\" data-e-type=\"section\">\n\t\t\t\t\t\t<div class=\"elementor-container elementor-column-gap-default\">\n\t\t\t\t\t<div class=\"elementor-column elementor-col-50 elementor-top-column elementor-element elementor-element-6b0f6e1b\" data-id=\"6b0f6e1b\" data-element_type=\"column\" data-e-type=\"column\">\n\t\t\t<div class=\"elementor-widget-wrap elementor-element-populated\">\n\t\t\t\t\t\t<div class=\"elementor-element elementor-element-312bbe64 elementor-widget elementor-widget-video\" data-id=\"312bbe64\" data-element_type=\"widget\" data-e-type=\"widget\" data-settings=\"{&quot;youtube_url&quot;:&quot;https:\\\/\\\/www.youtube.com\\\/watch?v=Br6Nhh1Yo4I&quot;,&quot;video_type&quot;:&quot;youtube&quot;,&quot;controls&quot;:&quot;yes&quot;}\" data-widget_type=\"video.default\">\n\t\t\t\t<div class=\"elementor-widget-container\">\n\t\t\t\t\t\t\t<div class=\"elementor-wrapper elementor-open-inline\">\n\t\t\t<div class=\"elementor-video\"><\/div>\t\t<\/div>\n\t\t\t\t\t\t<\/div>\n\t\t\t\t<\/div>\n\t\t\t\t\t<\/div>\n\t\t<\/div>\n\t\t\t\t<div class=\"elementor-column elementor-col-50 elementor-top-column elementor-element elementor-element-710db741\" data-id=\"710db741\" data-element_type=\"column\" data-e-type=\"column\">\n\t\t\t<div class=\"elementor-widget-wrap elementor-element-populated\">\n\t\t\t\t\t\t<div class=\"elementor-element elementor-element-541a199f elementor-widget elementor-widget-video\" data-id=\"541a199f\" data-element_type=\"widget\" data-e-type=\"widget\" data-settings=\"{&quot;youtube_url&quot;:&quot;https:\\\/\\\/youtube.com\\\/watch?v=bJ28LwRv_GU&quot;,&quot;video_type&quot;:&quot;youtube&quot;,&quot;controls&quot;:&quot;yes&quot;}\" data-widget_type=\"video.default\">\n\t\t\t\t<div class=\"elementor-widget-container\">\n\t\t\t\t\t\t\t<div class=\"elementor-wrapper elementor-open-inline\">\n\t\t\t<div class=\"elementor-video\"><\/div>\t\t<\/div>\n\t\t\t\t\t\t<\/div>\n\t\t\t\t<\/div>\n\t\t\t\t\t<\/div>\n\t\t<\/div>\n\t\t\t\t\t<\/div>\n\t\t<\/section>\n\t\t\t\t<section class=\"elementor-section elementor-top-section elementor-element elementor-element-8e371ba elementor-section-boxed elementor-section-height-default elementor-section-height-default\" data-id=\"8e371ba\" data-element_type=\"section\" data-e-type=\"section\" data-settings=\"{&quot;background_background&quot;:&quot;classic&quot;}\">\n\t\t\t\t\t\t\t<div class=\"elementor-background-overlay\"><\/div>\n\t\t\t\t\t\t\t<div class=\"elementor-container elementor-column-gap-no\">\n\t\t\t\t\t<div class=\"elementor-column elementor-col-100 elementor-top-column elementor-element elementor-element-32f4d0c3\" data-id=\"32f4d0c3\" data-element_type=\"column\" data-e-type=\"column\">\n\t\t\t<div class=\"elementor-widget-wrap elementor-element-populated\">\n\t\t\t\t\t\t<div class=\"elementor-element elementor-element-50bacb80 elementor-widget elementor-widget-heading\" data-id=\"50bacb80\" data-element_type=\"widget\" data-e-type=\"widget\" data-widget_type=\"heading.default\">\n\t\t\t\t<div class=\"elementor-widget-container\">\n\t\t\t\t\t<h2 class=\"elementor-heading-title elementor-size-default\">Somos a melhor loja de insulfilm no RJ<\/h2>\t\t\t\t<\/div>\n\t\t\t\t<\/div>\n\t\t\t\t<div class=\"elementor-element elementor-element-2d3aa154 elementor-widget-divider--view-line elementor-widget elementor-widget-divider\" data-id=\"2d3aa154\" data-element_type=\"widget\" data-e-type=\"widget\" data-widget_type=\"divider.default\">\n\t\t\t\t<div class=\"elementor-widget-container\">\n\t\t\t\t\t\t\t<div class=\"elementor-divider\">\n\t\t\t<span class=\"elementor-divider-separator\">\n\t\t\t\t\t\t<\/span>\n\t\t<\/div>\n\t\t\t\t\t\t<\/div>\n\t\t\t\t<\/div>\n\t\t\t\t<div class=\"elementor-element elementor-element-30ec909e elementor-widget elementor-widget-text-editor\" data-id=\"30ec909e\" data-element_type=\"widget\" data-e-type=\"widget\" data-widget_type=\"text-editor.default\">\n\t\t\t\t<div class=\"elementor-widget-container\">\n\t\t\t\t\t\t\t\t\t<p>Conhe\u00e7a as melhores pel\u00edculas no mundo e tenha prote\u00e7\u00e3o e performance de verdade no seu ve\u00edculo! Prote\u00e7\u00e3o UVA e UVB. Venha ver uma demonstra\u00e7\u00e3o em nossa loja!<\/p>\t\t\t\t\t\t\t\t<\/div>\n\t\t\t\t<\/div>\n\t\t\t\t<div class=\"elementor-element elementor-element-4577bd01 elementor-mobile-align-justify elementor-widget elementor-widget-button\" data-id=\"4577bd01\" data-element_type=\"widget\" data-e-type=\"widget\" data-widget_type=\"button.default\">\n\t\t\t\t<div class=\"elementor-widget-container\">\n\t\t\t\t\t\t\t\t\t<div class=\"elementor-button-wrapper\">\n\t\t\t\t\t<a class=\"elementor-button elementor-button-link elementor-size-md\" href=\"https:\/\/api.whatsapp.com\/send?phone=5521964222431\" target=\"_blank\" rel=\"noopener\">\n\t\t\t\t\t\t<span class=\"elementor-button-content-wrapper\">\n\t\t\t\t\t\t<span class=\"elementor-button-icon\">\n\t\t\t\t<i aria-hidden=\"true\" class=\"fas fa-phone\"><\/i>\t\t\t<\/span>\n\t\t\t\t\t\t\t\t\t<span class=\"elementor-button-text\">fALE COM ESPECIALISTA<\/span>\n\t\t\t\t\t<\/span>\n\t\t\t\t\t<\/a>\n\t\t\t\t<\/div>\n\t\t\t\t\t\t\t\t<\/div>\n\t\t\t\t<\/div>\n\t\t\t\t\t<\/div>\n\t\t<\/div>\n\t\t\t\t\t<\/div>\n\t\t<\/section>\n\t\t\t\t<section class=\"elementor-section elementor-inner-section elementor-element elementor-element-641b60ee elementor-section-boxed elementor-section-height-default elementor-section-height-default\" data-id=\"641b60ee\" data-element_type=\"section\" data-e-type=\"section\">\n\t\t\t\t\t\t<div class=\"elementor-container elementor-column-gap-no\">\n\t\t\t\t\t<div class=\"elementor-column elementor-col-100 elementor-inner-column elementor-element elementor-element-58a677f5\" data-id=\"58a677f5\" data-element_type=\"column\" data-e-type=\"column\">\n\t\t\t<div class=\"elementor-widget-wrap elementor-element-populated\">\n\t\t\t\t\t\t<div class=\"elementor-element elementor-element-49fd0ed2 elementor-widget elementor-widget-heading\" data-id=\"49fd0ed2\" data-element_type=\"widget\" data-e-type=\"widget\" data-widget_type=\"heading.default\">\n\t\t\t\t<div class=\"elementor-widget-container\">\n\t\t\t\t\t<h2 class=\"elementor-heading-title elementor-size-default\">O Que Nossos Clientes Dizem<\/h2>\t\t\t\t<\/div>\n\t\t\t\t<\/div>\n\t\t\t\t<div class=\"elementor-element elementor-element-47eef715 elementor-widget-divider--view-line elementor-widget elementor-widget-divider\" data-id=\"47eef715\" data-element_type=\"widget\" data-e-type=\"widget\" data-widget_type=\"divider.default\">\n\t\t\t\t<div class=\"elementor-widget-container\">\n\t\t\t\t\t\t\t<div class=\"elementor-divider\">\n\t\t\t<span class=\"elementor-divider-separator\">\n\t\t\t\t\t\t<\/span>\n\t\t<\/div>\n\t\t\t\t\t\t<\/div>\n\t\t\t\t<\/div>\n\t\t\t\t<div class=\"elementor-element elementor-element-66db3c15 elementor-widget elementor-widget-text-editor\" data-id=\"66db3c15\" data-element_type=\"widget\" data-e-type=\"widget\" data-widget_type=\"text-editor.default\">\n\t\t\t\t<div class=\"elementor-widget-container\">\n\t\t\t\t\t\t\t\t\t<p><a href=\"https:\/\/hcontrolfilm.com.br\/novo\/depoimentos-pelicula-vidro\/\" target=\"_blank\" rel=\"noopener\">Nossos depoimentos s\u00e3o reais<\/a> e comprovam a qualidade superior de nosso atendimento e de nossas pel\u00edculas que s\u00e3o consideradas como as melhores do mundo!<\/p>\t\t\t\t\t\t\t\t<\/div>\n\t\t\t\t<\/div>\n\t\t\t\t\t<\/div>\n\t\t<\/div>\n\t\t\t\t\t<\/div>\n\t\t<\/section>\n\t\t\t\t<section class=\"elementor-section elementor-top-section elementor-element elementor-element-3fb89605 elementor-section-boxed elementor-section-height-default elementor-section-height-default\" data-id=\"3fb89605\" data-element_type=\"section\" data-e-type=\"section\" data-settings=\"{&quot;background_background&quot;:&quot;gradient&quot;}\">\n\t\t\t\t\t\t\t<div class=\"elementor-background-overlay\"><\/div>\n\t\t\t\t\t\t\t<div class=\"elementor-container elementor-column-gap-no\">\n\t\t\t\t\t<div class=\"elementor-column elementor-col-100 elementor-top-column elementor-element elementor-element-160d7239\" data-id=\"160d7239\" data-element_type=\"column\" data-e-type=\"column\" data-settings=\"{&quot;background_background&quot;:&quot;classic&quot;}\">\n\t\t\t<div class=\"elementor-widget-wrap elementor-element-populated\">\n\t\t\t\t\t\t<div class=\"elementor-element elementor-element-116eb9c7 elementor-widget elementor-widget-heading\" data-id=\"116eb9c7\" data-element_type=\"widget\" data-e-type=\"widget\" data-widget_type=\"heading.default\">\n\t\t\t\t<div class=\"elementor-widget-container\">\n\t\t\t\t\t<h6 class=\"elementor-heading-title elementor-size-default\">FALE COM ESPECIALISTAS EM PEL\u00cdCULAS<\/h6>\t\t\t\t<\/div>\n\t\t\t\t<\/div>\n\t\t\t\t<div class=\"elementor-element elementor-element-ce5f44a elementor-widget elementor-widget-heading\" data-id=\"ce5f44a\" data-element_type=\"widget\" data-e-type=\"widget\" data-widget_type=\"heading.default\">\n\t\t\t\t<div class=\"elementor-widget-container\">\n\t\t\t\t\t<h2 class=\"elementor-heading-title elementor-size-default\">\n(21) 3044-6362 \/ \n(21) 96422-2431 (Whatsapp)<\/h2>\t\t\t\t<\/div>\n\t\t\t\t<\/div>\n\t\t\t\t<div class=\"elementor-element elementor-element-72745033 elementor-widget-divider--view-line elementor-widget elementor-widget-divider\" data-id=\"72745033\" data-element_type=\"widget\" data-e-type=\"widget\" data-widget_type=\"divider.default\">\n\t\t\t\t<div class=\"elementor-widget-container\">\n\t\t\t\t\t\t\t<div class=\"elementor-divider\">\n\t\t\t<span class=\"elementor-divider-separator\">\n\t\t\t\t\t\t<\/span>\n\t\t<\/div>\n\t\t\t\t\t\t<\/div>\n\t\t\t\t<\/div>\n\t\t\t\t<div class=\"elementor-element elementor-element-16f27602 elementor-widget elementor-widget-heading\" data-id=\"16f27602\" data-element_type=\"widget\" data-e-type=\"widget\" data-widget_type=\"heading.default\">\n\t\t\t\t<div class=\"elementor-widget-container\">\n\t\t\t\t\t<h6 class=\"elementor-heading-title elementor-size-default\">OS MELHORES INSULFILMS DO MUNDO NO SEU CARRO, CASA OU PR\u00c9DIO<\/h6>\t\t\t\t<\/div>\n\t\t\t\t<\/div>\n\t\t\t\t<div class=\"elementor-element elementor-element-3afa1023 elementor-align-center elementor-mobile-align-center elementor-widget elementor-widget-button\" data-id=\"3afa1023\" data-element_type=\"widget\" data-e-type=\"widget\" data-widget_type=\"button.default\">\n\t\t\t\t<div class=\"elementor-widget-container\">\n\t\t\t\t\t\t\t\t\t<div class=\"elementor-button-wrapper\">\n\t\t\t\t\t<a class=\"elementor-button elementor-button-link elementor-size-lg\" href=\"https:\/\/api.whatsapp.com\/send?phone=5521964222431\" target=\"_blank\" rel=\"noopener\">\n\t\t\t\t\t\t<span class=\"elementor-button-content-wrapper\">\n\t\t\t\t\t\t<span class=\"elementor-button-icon\">\n\t\t\t\t<i aria-hidden=\"true\" class=\"fab fa-whatsapp\"><\/i>\t\t\t<\/span>\n\t\t\t\t\t\t\t\t\t<span class=\"elementor-button-text\">fale com especialistas de verdade em pel\u00edculas<\/span>\n\t\t\t\t\t<\/span>\n\t\t\t\t\t<\/a>\n\t\t\t\t<\/div>\n\t\t\t\t\t\t\t\t<\/div>\n\t\t\t\t<\/div>\n\t\t\t\t\t<\/div>\n\t\t<\/div>\n\t\t\t\t\t<\/div>\n\t\t<\/section>\n\t\t\t\t<\/div>\n\t\t","protected":false},"excerpt":{"rendered":"<p>Pel\u00edculas para Casas, Pr\u00e9dios e Arquitetura em Geral Pel\u00edcula para Box Blindex Se voc\u00ea tem box blindex com vidro transparente em sua casa, saiba que pode transform\u00e1-lo em um box mais atraente, repaginado, como se fosse um nov, sem gastar muito com esse servi\u00e7o e voc\u00ea pode escolher a cor e estampa que quiser. Benef\u00edcios: &hellip;<\/p>\n<p class=\"read-more\"> <a class=\"\" href=\"https:\/\/hcontrolfilm.com.br\/novo\/pelicula-box-blindex-vidro\/\"> <span class=\"screen-reader-text\">Pel\u00edcula Box Blindex de Vidro<\/span> Read More &raquo;<\/a><\/p>\n","protected":false},"author":1,"featured_media":0,"parent":0,"menu_order":0,"comment_status":"closed","ping_status":"closed","template":"","meta":{"site-sidebar-layout":"no-sidebar","site-content-layout":"page-builder","ast-global-header-display":"","ast-main-header-display":"","ast-hfb-above-header-display":"","ast-hfb-below-header-display":"","ast-hfb-mobile-header-display":"","site-post-title":"disabled","ast-breadcrumbs-content":"","ast-featured-img":"disabled","footer-sml-layout":"","theme-transparent-header-meta":"enabled","adv-header-id-meta":"","stick-header-meta":"","header-above-stick-meta":"","header-main-stick-meta":"","header-below-stick-meta":"","footnotes":""},"class_list":["post-11903","page","type-page","status-publish","hentry"],"_links":{"self":[{"href":"https:\/\/hcontrolfilm.com.br\/novo\/wp-json\/wp\/v2\/pages\/11903","targetHints":{"allow":["GET"]}}],"collection":[{"href":"https:\/\/hcontrolfilm.com.br\/novo\/wp-json\/wp\/v2\/pages"}],"about":[{"href":"https:\/\/hcontrolfilm.com.br\/novo\/wp-json\/wp\/v2\/types\/page"}],"author":[{"embeddable":true,"href":"https:\/\/hcontrolfilm.com.br\/novo\/wp-json\/wp\/v2\/users\/1"}],"replies":[{"embeddable":true,"href":"https:\/\/hcontrolfilm.com.br\/novo\/wp-json\/wp\/v2\/comments?post=11903"}],"version-history":[{"count":0,"href":"https:\/\/hcontrolfilm.com.br\/novo\/wp-json\/wp\/v2\/pages\/11903\/revisions"}],"wp:attachment":[{"href":"https:\/\/hcontrolfilm.com.br\/novo\/wp-json\/wp\/v2\/media?parent=11903"}],"curies":[{"name":"wp","href":"https:\/\/api.w.org\/{rel}","templated":true}]}}