{"id":11865,"date":"2022-05-31T17:48:49","date_gmt":"2022-05-31T17:48:49","guid":{"rendered":"https:\/\/hcontrolfilm.com.br\/novo\/?page_id=11865"},"modified":"2022-06-05T00:44:00","modified_gmt":"2022-06-05T00:44:00","slug":"pelicula-transparente-para-brisa","status":"publish","type":"page","link":"https:\/\/hcontrolfilm.com.br\/novo\/pelicula-transparente-para-brisa\/","title":{"rendered":"Pel\u00edcula Transparente Para Brisa"},"content":{"rendered":"\t\t<div data-elementor-type=\"wp-post\" data-elementor-id=\"11865\" class=\"elementor elementor-11865\">\n\t\t\t\t\t\t<section class=\"elementor-section elementor-top-section elementor-element elementor-element-b0d353c elementor-section-boxed elementor-section-height-default elementor-section-height-default\" data-id=\"b0d353c\" data-element_type=\"section\" data-e-type=\"section\" data-settings=\"{&quot;background_background&quot;:&quot;classic&quot;}\">\n\t\t\t\t\t\t\t<div class=\"elementor-background-overlay\"><\/div>\n\t\t\t\t\t\t\t<div class=\"elementor-container elementor-column-gap-no\">\n\t\t\t\t\t<div class=\"elementor-column elementor-col-100 elementor-top-column elementor-element elementor-element-c9b84a8\" data-id=\"c9b84a8\" data-element_type=\"column\" data-e-type=\"column\" data-settings=\"{&quot;background_background&quot;:&quot;classic&quot;}\">\n\t\t\t<div class=\"elementor-widget-wrap elementor-element-populated\">\n\t\t\t\t\t\t<div class=\"elementor-element elementor-element-0ca422e elementor-widget elementor-widget-heading\" data-id=\"0ca422e\" data-element_type=\"widget\" data-e-type=\"widget\" data-widget_type=\"heading.default\">\n\t\t\t\t<div class=\"elementor-widget-container\">\n\t\t\t\t\t<h6 class=\"elementor-heading-title elementor-size-default\">Pel\u00edculas para Casas, Pr\u00e9dios e Arquitetura em Geral<\/h6>\t\t\t\t<\/div>\n\t\t\t\t<\/div>\n\t\t\t\t<div class=\"elementor-element elementor-element-e36dc84 elementor-widget elementor-widget-heading\" data-id=\"e36dc84\" data-element_type=\"widget\" data-e-type=\"widget\" data-widget_type=\"heading.default\">\n\t\t\t\t<div class=\"elementor-widget-container\">\n\t\t\t\t\t<h1 class=\"elementor-heading-title elementor-size-default\">Pel\u00edcula Transparente Para Brisa<\/h1>\t\t\t\t<\/div>\n\t\t\t\t<\/div>\n\t\t\t\t<div class=\"elementor-element elementor-element-7dc7ff2 elementor-widget-divider--view-line elementor-widget elementor-widget-divider\" data-id=\"7dc7ff2\" data-element_type=\"widget\" data-e-type=\"widget\" data-widget_type=\"divider.default\">\n\t\t\t\t<div class=\"elementor-widget-container\">\n\t\t\t\t\t\t\t<div class=\"elementor-divider\">\n\t\t\t<span class=\"elementor-divider-separator\">\n\t\t\t\t\t\t<\/span>\n\t\t<\/div>\n\t\t\t\t\t\t<\/div>\n\t\t\t\t<\/div>\n\t\t\t\t<div class=\"elementor-element elementor-element-56132f9 elementor-widget elementor-widget-text-editor\" data-id=\"56132f9\" data-element_type=\"widget\" data-e-type=\"widget\" data-widget_type=\"text-editor.default\">\n\t\t\t\t<div class=\"elementor-widget-container\">\n\t\t\t\t\t\t\t\t\t<p>Pel\u00edculas escuras no para-brisa s\u00e3o proibidas. <br \/>Existem pel\u00edculas transparentes para reduzir o calor sem trazer problemas para voc\u00ea caso seja<br \/>abordado em uma blitz.<\/p><p><strong>Pel\u00edculas de Redu\u00e7\u00e3o de Calor<\/strong><\/p><p>O para-brisa \u00e9 o maior vidro do carro, onde passa maior incid\u00eancia solar.<\/p><p>Desenvolvida para garantir alta redu\u00e7\u00e3o de calor, bloqueio de 99% contra os raios UV, sem alterar a cor do vidro.<\/p><p>Fabricada com a mais moderna tecnologia de nanocarbono \/ nanocer\u00e2mica, oferecendo a voc\u00ea e sua fam\u00edlia economia e conforto nos seus passeios e viagens<\/p><p>Ajuda a preservar o interior do carro, como painel, voltante, etc<\/p><p>Mais efici\u00eancia do ar condicionado e economia de<br \/>combust\u00edvel<\/p><p>Garantia certificada<\/p>\t\t\t\t\t\t\t\t<\/div>\n\t\t\t\t<\/div>\n\t\t\t\t<div class=\"elementor-element elementor-element-f1dc58c elementor-mobile-align-left elementor-widget elementor-widget-button\" data-id=\"f1dc58c\" data-element_type=\"widget\" data-e-type=\"widget\" data-widget_type=\"button.default\">\n\t\t\t\t<div class=\"elementor-widget-container\">\n\t\t\t\t\t\t\t\t\t<div class=\"elementor-button-wrapper\">\n\t\t\t\t\t<a class=\"elementor-button elementor-button-link elementor-size-md\" href=\"https:\/\/api.whatsapp.com\/send?phone=5521964222431\" target=\"_blank\" rel=\"noopener\">\n\t\t\t\t\t\t<span class=\"elementor-button-content-wrapper\">\n\t\t\t\t\t\t<span class=\"elementor-button-icon\">\n\t\t\t\t<i aria-hidden=\"true\" class=\"fab fa-whatsapp\"><\/i>\t\t\t<\/span>\n\t\t\t\t\t\t\t\t\t<span class=\"elementor-button-text\">Fale com um especialista<\/span>\n\t\t\t\t\t<\/span>\n\t\t\t\t\t<\/a>\n\t\t\t\t<\/div>\n\t\t\t\t\t\t\t\t<\/div>\n\t\t\t\t<\/div>\n\t\t\t\t\t<\/div>\n\t\t<\/div>\n\t\t\t\t\t<\/div>\n\t\t<\/section>\n\t\t\t\t<section class=\"elementor-section elementor-top-section elementor-element elementor-element-c48af61 elementor-section-boxed elementor-section-height-default elementor-section-height-default\" data-id=\"c48af61\" data-element_type=\"section\" data-e-type=\"section\">\n\t\t\t\t\t\t<div class=\"elementor-container elementor-column-gap-no\">\n\t\t\t\t\t<div class=\"elementor-column elementor-col-100 elementor-top-column elementor-element elementor-element-fed7aae\" data-id=\"fed7aae\" data-element_type=\"column\" data-e-type=\"column\">\n\t\t\t<div class=\"elementor-widget-wrap elementor-element-populated\">\n\t\t\t\t\t\t<section class=\"elementor-section elementor-inner-section elementor-element elementor-element-2c104e2 elementor-section-boxed elementor-section-height-default elementor-section-height-default\" data-id=\"2c104e2\" data-element_type=\"section\" data-e-type=\"section\">\n\t\t\t\t\t\t<div class=\"elementor-container elementor-column-gap-no\">\n\t\t\t\t\t<div class=\"elementor-column elementor-col-100 elementor-inner-column elementor-element elementor-element-76baa14\" data-id=\"76baa14\" data-element_type=\"column\" data-e-type=\"column\">\n\t\t\t<div class=\"elementor-widget-wrap elementor-element-populated\">\n\t\t\t\t\t\t<div class=\"elementor-element elementor-element-5dc9fe0 elementor-widget elementor-widget-heading\" data-id=\"5dc9fe0\" data-element_type=\"widget\" data-e-type=\"widget\" data-widget_type=\"heading.default\">\n\t\t\t\t<div class=\"elementor-widget-container\">\n\t\t\t\t\t<h2 class=\"elementor-heading-title elementor-size-default\">Pel\u00edcula Transparente em Para Brisa<\/h2>\t\t\t\t<\/div>\n\t\t\t\t<\/div>\n\t\t\t\t<div class=\"elementor-element elementor-element-c5259fd elementor-widget-divider--view-line elementor-widget elementor-widget-divider\" data-id=\"c5259fd\" data-element_type=\"widget\" data-e-type=\"widget\" data-widget_type=\"divider.default\">\n\t\t\t\t<div class=\"elementor-widget-container\">\n\t\t\t\t\t\t\t<div class=\"elementor-divider\">\n\t\t\t<span class=\"elementor-divider-separator\">\n\t\t\t\t\t\t<\/span>\n\t\t<\/div>\n\t\t\t\t\t\t<\/div>\n\t\t\t\t<\/div>\n\t\t\t\t\t<\/div>\n\t\t<\/div>\n\t\t\t\t\t<\/div>\n\t\t<\/section>\n\t\t\t\t<section class=\"elementor-section elementor-inner-section elementor-element elementor-element-552cc32 elementor-section-boxed elementor-section-height-default elementor-section-height-default\" data-id=\"552cc32\" data-element_type=\"section\" data-e-type=\"section\">\n\t\t\t\t\t\t<div class=\"elementor-container elementor-column-gap-no\">\n\t\t\t\t\t<div class=\"elementor-column elementor-col-100 elementor-inner-column elementor-element elementor-element-a0f2d03\" data-id=\"a0f2d03\" data-element_type=\"column\" data-e-type=\"column\" data-settings=\"{&quot;background_background&quot;:&quot;classic&quot;}\">\n\t\t\t<div class=\"elementor-widget-wrap elementor-element-populated\">\n\t\t\t\t\t\t<div class=\"elementor-element elementor-element-56a2a3f elementor-widget elementor-widget-image-gallery\" data-id=\"56a2a3f\" data-element_type=\"widget\" data-e-type=\"widget\" data-widget_type=\"image-gallery.default\">\n\t\t\t\t<div class=\"elementor-widget-container\">\n\t\t\t\t\t\t\t<div class=\"elementor-image-gallery\">\n\t\t\t<div id='gallery-1' class='gallery galleryid-11865 gallery-columns-3 gallery-size-large'><figure class='gallery-item'>\n\t\t\t<div class='gallery-icon portrait'>\n\t\t\t\t<a data-elementor-open-lightbox=\"yes\" data-elementor-lightbox-slideshow=\"56a2a3f\" data-elementor-lightbox-title=\"insulfilm transparente para brisa (2)\" data-e-action-hash=\"#elementor-action%3Aaction%3Dlightbox%26settings%3DeyJpZCI6MTMyMjcsInVybCI6Imh0dHBzOlwvXC9oY29udHJvbGZpbG0uY29tLmJyXC9ub3ZvXC93cC1jb250ZW50XC91cGxvYWRzXC8yMDIyXC8wNlwvaW5zdWxmaWxtLXRyYW5zcGFyZW50ZS1wYXJhLWJyaXNhLTIuanBlZyIsInNsaWRlc2hvdyI6IjU2YTJhM2YifQ%3D%3D\" href=\"https:\/\/hcontrolfilm.com.br\/novo\/wp-content\/uploads\/2022\/06\/insulfilm-transparente-para-brisa-2.jpeg\"><img fetchpriority=\"high\" decoding=\"async\" width=\"768\" height=\"1024\" src=\"https:\/\/hcontrolfilm.com.br\/novo\/wp-content\/uploads\/2022\/06\/insulfilm-transparente-para-brisa-2-768x1024.jpeg\" class=\"attachment-large size-large\" alt=\"\" srcset=\"https:\/\/hcontrolfilm.com.br\/novo\/wp-content\/uploads\/2022\/06\/insulfilm-transparente-para-brisa-2-768x1024.jpeg 768w, https:\/\/hcontrolfilm.com.br\/novo\/wp-content\/uploads\/2022\/06\/insulfilm-transparente-para-brisa-2-225x300.jpeg 225w, https:\/\/hcontrolfilm.com.br\/novo\/wp-content\/uploads\/2022\/06\/insulfilm-transparente-para-brisa-2-1152x1536.jpeg 1152w, https:\/\/hcontrolfilm.com.br\/novo\/wp-content\/uploads\/2022\/06\/insulfilm-transparente-para-brisa-2.jpeg 1200w\" sizes=\"(max-width: 768px) 100vw, 768px\" \/><\/a>\n\t\t\t<\/div><\/figure><figure class='gallery-item'>\n\t\t\t<div class='gallery-icon landscape'>\n\t\t\t\t<a data-elementor-open-lightbox=\"yes\" data-elementor-lightbox-slideshow=\"56a2a3f\" data-elementor-lightbox-title=\"insulfilm transparente para brisa\" data-e-action-hash=\"#elementor-action%3Aaction%3Dlightbox%26settings%3DeyJpZCI6MTMyMjgsInVybCI6Imh0dHBzOlwvXC9oY29udHJvbGZpbG0uY29tLmJyXC9ub3ZvXC93cC1jb250ZW50XC91cGxvYWRzXC8yMDIyXC8wNlwvaW5zdWxmaWxtLXRyYW5zcGFyZW50ZS1wYXJhLWJyaXNhLmpwZWciLCJzbGlkZXNob3ciOiI1NmEyYTNmIn0%3D\" href=\"https:\/\/hcontrolfilm.com.br\/novo\/wp-content\/uploads\/2022\/06\/insulfilm-transparente-para-brisa.jpeg\"><img decoding=\"async\" width=\"1024\" height=\"766\" src=\"https:\/\/hcontrolfilm.com.br\/novo\/wp-content\/uploads\/2022\/06\/insulfilm-transparente-para-brisa-1024x766.jpeg\" class=\"attachment-large size-large\" alt=\"\" srcset=\"https:\/\/hcontrolfilm.com.br\/novo\/wp-content\/uploads\/2022\/06\/insulfilm-transparente-para-brisa-1024x766.jpeg 1024w, https:\/\/hcontrolfilm.com.br\/novo\/wp-content\/uploads\/2022\/06\/insulfilm-transparente-para-brisa-300x225.jpeg 300w, https:\/\/hcontrolfilm.com.br\/novo\/wp-content\/uploads\/2022\/06\/insulfilm-transparente-para-brisa-768x575.jpeg 768w, https:\/\/hcontrolfilm.com.br\/novo\/wp-content\/uploads\/2022\/06\/insulfilm-transparente-para-brisa.jpeg 1280w\" sizes=\"(max-width: 1024px) 100vw, 1024px\" \/><\/a>\n\t\t\t<\/div><\/figure><figure class='gallery-item'>\n\t\t\t<div class='gallery-icon portrait'>\n\t\t\t\t<a data-elementor-open-lightbox=\"yes\" data-elementor-lightbox-slideshow=\"56a2a3f\" data-elementor-lightbox-title=\"pelicula automotiva transparente\" data-e-action-hash=\"#elementor-action%3Aaction%3Dlightbox%26settings%3DeyJpZCI6MTMyMjksInVybCI6Imh0dHBzOlwvXC9oY29udHJvbGZpbG0uY29tLmJyXC9ub3ZvXC93cC1jb250ZW50XC91cGxvYWRzXC8yMDIyXC8wNlwvcGVsaWN1bGEtYXV0b21vdGl2YS10cmFuc3BhcmVudGUuanBlZyIsInNsaWRlc2hvdyI6IjU2YTJhM2YifQ%3D%3D\" href=\"https:\/\/hcontrolfilm.com.br\/novo\/wp-content\/uploads\/2022\/06\/pelicula-automotiva-transparente.jpeg\"><img decoding=\"async\" width=\"766\" height=\"1024\" src=\"https:\/\/hcontrolfilm.com.br\/novo\/wp-content\/uploads\/2022\/06\/pelicula-automotiva-transparente-766x1024.jpeg\" class=\"attachment-large size-large\" alt=\"\" srcset=\"https:\/\/hcontrolfilm.com.br\/novo\/wp-content\/uploads\/2022\/06\/pelicula-automotiva-transparente-766x1024.jpeg 766w, https:\/\/hcontrolfilm.com.br\/novo\/wp-content\/uploads\/2022\/06\/pelicula-automotiva-transparente-225x300.jpeg 225w, https:\/\/hcontrolfilm.com.br\/novo\/wp-content\/uploads\/2022\/06\/pelicula-automotiva-transparente-768x1026.jpeg 768w, https:\/\/hcontrolfilm.com.br\/novo\/wp-content\/uploads\/2022\/06\/pelicula-automotiva-transparente.jpeg 958w\" sizes=\"(max-width: 766px) 100vw, 766px\" \/><\/a>\n\t\t\t<\/div><\/figure>\n\t\t<\/div>\n\t\t<\/div>\n\t\t\t\t\t\t<\/div>\n\t\t\t\t<\/div>\n\t\t\t\t\t<\/div>\n\t\t<\/div>\n\t\t\t\t\t<\/div>\n\t\t<\/section>\n\t\t\t\t\t<\/div>\n\t\t<\/div>\n\t\t\t\t\t<\/div>\n\t\t<\/section>\n\t\t\t\t<section class=\"elementor-section elementor-top-section elementor-element elementor-element-674d8ab elementor-section-boxed elementor-section-height-default elementor-section-height-default\" data-id=\"674d8ab\" data-element_type=\"section\" data-e-type=\"section\">\n\t\t\t\t\t\t<div class=\"elementor-container elementor-column-gap-default\">\n\t\t\t\t\t<div class=\"elementor-column elementor-col-100 elementor-top-column elementor-element elementor-element-4b20f2e\" data-id=\"4b20f2e\" data-element_type=\"column\" data-e-type=\"column\">\n\t\t\t<div class=\"elementor-widget-wrap elementor-element-populated\">\n\t\t\t\t\t\t<div class=\"elementor-element elementor-element-b0982dc elementor-widget elementor-widget-video\" data-id=\"b0982dc\" data-element_type=\"widget\" data-e-type=\"widget\" data-settings=\"{&quot;youtube_url&quot;:&quot;https:\\\/\\\/www.youtube.com\\\/watch?v=SeFOK_SeYlw&quot;,&quot;video_type&quot;:&quot;youtube&quot;,&quot;controls&quot;:&quot;yes&quot;}\" data-widget_type=\"video.default\">\n\t\t\t\t<div class=\"elementor-widget-container\">\n\t\t\t\t\t\t\t<div class=\"elementor-wrapper elementor-open-inline\">\n\t\t\t<div class=\"elementor-video\"><\/div>\t\t<\/div>\n\t\t\t\t\t\t<\/div>\n\t\t\t\t<\/div>\n\t\t\t\t\t<\/div>\n\t\t<\/div>\n\t\t\t\t\t<\/div>\n\t\t<\/section>\n\t\t\t\t<section class=\"elementor-section elementor-top-section elementor-element elementor-element-6c0b0a28 elementor-section-boxed elementor-section-height-default elementor-section-height-default\" data-id=\"6c0b0a28\" data-element_type=\"section\" data-e-type=\"section\" data-settings=\"{&quot;background_background&quot;:&quot;classic&quot;}\">\n\t\t\t\t\t\t\t<div class=\"elementor-background-overlay\"><\/div>\n\t\t\t\t\t\t\t<div class=\"elementor-container elementor-column-gap-no\">\n\t\t\t\t\t<div class=\"elementor-column elementor-col-100 elementor-top-column elementor-element elementor-element-10bdb8ff\" data-id=\"10bdb8ff\" data-element_type=\"column\" data-e-type=\"column\">\n\t\t\t<div class=\"elementor-widget-wrap elementor-element-populated\">\n\t\t\t\t\t\t<div class=\"elementor-element elementor-element-49b328d elementor-widget elementor-widget-heading\" data-id=\"49b328d\" data-element_type=\"widget\" data-e-type=\"widget\" data-widget_type=\"heading.default\">\n\t\t\t\t<div class=\"elementor-widget-container\">\n\t\t\t\t\t<h2 class=\"elementor-heading-title elementor-size-default\">Somos a melhor loja de insulfilm no RJ<\/h2>\t\t\t\t<\/div>\n\t\t\t\t<\/div>\n\t\t\t\t<div class=\"elementor-element elementor-element-77c41878 elementor-widget-divider--view-line elementor-widget elementor-widget-divider\" data-id=\"77c41878\" data-element_type=\"widget\" data-e-type=\"widget\" data-widget_type=\"divider.default\">\n\t\t\t\t<div class=\"elementor-widget-container\">\n\t\t\t\t\t\t\t<div class=\"elementor-divider\">\n\t\t\t<span class=\"elementor-divider-separator\">\n\t\t\t\t\t\t<\/span>\n\t\t<\/div>\n\t\t\t\t\t\t<\/div>\n\t\t\t\t<\/div>\n\t\t\t\t<div class=\"elementor-element elementor-element-6155c430 elementor-widget elementor-widget-text-editor\" data-id=\"6155c430\" data-element_type=\"widget\" data-e-type=\"widget\" data-widget_type=\"text-editor.default\">\n\t\t\t\t<div class=\"elementor-widget-container\">\n\t\t\t\t\t\t\t\t\t<p>Conhe\u00e7a as melhores pel\u00edculas no mundo e tenha prote\u00e7\u00e3o e performance de verdade no seu ve\u00edculo! Prote\u00e7\u00e3o UVA e UVB. Venha ver uma demonstra\u00e7\u00e3o em nossa loja!<\/p>\t\t\t\t\t\t\t\t<\/div>\n\t\t\t\t<\/div>\n\t\t\t\t<div class=\"elementor-element elementor-element-5549d57a elementor-mobile-align-justify elementor-widget elementor-widget-button\" data-id=\"5549d57a\" data-element_type=\"widget\" data-e-type=\"widget\" data-widget_type=\"button.default\">\n\t\t\t\t<div class=\"elementor-widget-container\">\n\t\t\t\t\t\t\t\t\t<div class=\"elementor-button-wrapper\">\n\t\t\t\t\t<a class=\"elementor-button elementor-button-link elementor-size-md\" href=\"https:\/\/api.whatsapp.com\/send?phone=5521964222431\" target=\"_blank\" rel=\"noopener\">\n\t\t\t\t\t\t<span class=\"elementor-button-content-wrapper\">\n\t\t\t\t\t\t<span class=\"elementor-button-icon\">\n\t\t\t\t<i aria-hidden=\"true\" class=\"fas fa-phone\"><\/i>\t\t\t<\/span>\n\t\t\t\t\t\t\t\t\t<span class=\"elementor-button-text\">fALE COM ESPECIALISTA<\/span>\n\t\t\t\t\t<\/span>\n\t\t\t\t\t<\/a>\n\t\t\t\t<\/div>\n\t\t\t\t\t\t\t\t<\/div>\n\t\t\t\t<\/div>\n\t\t\t\t\t<\/div>\n\t\t<\/div>\n\t\t\t\t\t<\/div>\n\t\t<\/section>\n\t\t\t\t<section class=\"elementor-section elementor-inner-section elementor-element elementor-element-728a8365 elementor-section-boxed elementor-section-height-default elementor-section-height-default\" data-id=\"728a8365\" data-element_type=\"section\" data-e-type=\"section\">\n\t\t\t\t\t\t<div class=\"elementor-container elementor-column-gap-no\">\n\t\t\t\t\t<div class=\"elementor-column elementor-col-100 elementor-inner-column elementor-element elementor-element-1d078b33\" data-id=\"1d078b33\" data-element_type=\"column\" data-e-type=\"column\">\n\t\t\t<div class=\"elementor-widget-wrap elementor-element-populated\">\n\t\t\t\t\t\t<div class=\"elementor-element elementor-element-2b13143c elementor-widget elementor-widget-heading\" data-id=\"2b13143c\" data-element_type=\"widget\" data-e-type=\"widget\" data-widget_type=\"heading.default\">\n\t\t\t\t<div class=\"elementor-widget-container\">\n\t\t\t\t\t<h2 class=\"elementor-heading-title elementor-size-default\">O Que Nossos Clientes Dizem<\/h2>\t\t\t\t<\/div>\n\t\t\t\t<\/div>\n\t\t\t\t<div class=\"elementor-element elementor-element-50539476 elementor-widget-divider--view-line elementor-widget elementor-widget-divider\" data-id=\"50539476\" data-element_type=\"widget\" data-e-type=\"widget\" data-widget_type=\"divider.default\">\n\t\t\t\t<div class=\"elementor-widget-container\">\n\t\t\t\t\t\t\t<div class=\"elementor-divider\">\n\t\t\t<span class=\"elementor-divider-separator\">\n\t\t\t\t\t\t<\/span>\n\t\t<\/div>\n\t\t\t\t\t\t<\/div>\n\t\t\t\t<\/div>\n\t\t\t\t<div class=\"elementor-element elementor-element-1ecffd70 elementor-widget elementor-widget-text-editor\" data-id=\"1ecffd70\" data-element_type=\"widget\" data-e-type=\"widget\" data-widget_type=\"text-editor.default\">\n\t\t\t\t<div class=\"elementor-widget-container\">\n\t\t\t\t\t\t\t\t\t<p><a href=\"https:\/\/hcontrolfilm.com.br\/novo\/depoimentos-pelicula-vidro\/\" target=\"_blank\" rel=\"noopener\">Nossos depoimentos s\u00e3o reais<\/a> e comprovam a qualidade superior de nosso atendimento e de nossas pel\u00edculas que s\u00e3o consideradas como as melhores do mundo!<\/p>\t\t\t\t\t\t\t\t<\/div>\n\t\t\t\t<\/div>\n\t\t\t\t\t<\/div>\n\t\t<\/div>\n\t\t\t\t\t<\/div>\n\t\t<\/section>\n\t\t\t\t<section class=\"elementor-section elementor-top-section elementor-element elementor-element-c63645c elementor-section-boxed elementor-section-height-default elementor-section-height-default\" data-id=\"c63645c\" data-element_type=\"section\" data-e-type=\"section\" data-settings=\"{&quot;background_background&quot;:&quot;gradient&quot;}\">\n\t\t\t\t\t\t\t<div class=\"elementor-background-overlay\"><\/div>\n\t\t\t\t\t\t\t<div class=\"elementor-container elementor-column-gap-no\">\n\t\t\t\t\t<div class=\"elementor-column elementor-col-100 elementor-top-column elementor-element elementor-element-3e789db0\" data-id=\"3e789db0\" data-element_type=\"column\" data-e-type=\"column\" data-settings=\"{&quot;background_background&quot;:&quot;classic&quot;}\">\n\t\t\t<div class=\"elementor-widget-wrap elementor-element-populated\">\n\t\t\t\t\t\t<div class=\"elementor-element elementor-element-568e077a elementor-widget elementor-widget-heading\" data-id=\"568e077a\" data-element_type=\"widget\" data-e-type=\"widget\" data-widget_type=\"heading.default\">\n\t\t\t\t<div class=\"elementor-widget-container\">\n\t\t\t\t\t<h6 class=\"elementor-heading-title elementor-size-default\">FALE COM ESPECIALISTAS EM PEL\u00cdCULAS<\/h6>\t\t\t\t<\/div>\n\t\t\t\t<\/div>\n\t\t\t\t<div class=\"elementor-element elementor-element-349eaaa4 elementor-widget elementor-widget-heading\" data-id=\"349eaaa4\" data-element_type=\"widget\" data-e-type=\"widget\" data-widget_type=\"heading.default\">\n\t\t\t\t<div class=\"elementor-widget-container\">\n\t\t\t\t\t<h2 class=\"elementor-heading-title elementor-size-default\">\n(21) 3044-6362 \/ \n(21) 96422-2431 (Whatsapp)<\/h2>\t\t\t\t<\/div>\n\t\t\t\t<\/div>\n\t\t\t\t<div class=\"elementor-element elementor-element-a9c2649 elementor-widget-divider--view-line elementor-widget elementor-widget-divider\" data-id=\"a9c2649\" data-element_type=\"widget\" data-e-type=\"widget\" data-widget_type=\"divider.default\">\n\t\t\t\t<div class=\"elementor-widget-container\">\n\t\t\t\t\t\t\t<div class=\"elementor-divider\">\n\t\t\t<span class=\"elementor-divider-separator\">\n\t\t\t\t\t\t<\/span>\n\t\t<\/div>\n\t\t\t\t\t\t<\/div>\n\t\t\t\t<\/div>\n\t\t\t\t<div class=\"elementor-element elementor-element-1e4f484c elementor-widget elementor-widget-heading\" data-id=\"1e4f484c\" data-element_type=\"widget\" data-e-type=\"widget\" data-widget_type=\"heading.default\">\n\t\t\t\t<div class=\"elementor-widget-container\">\n\t\t\t\t\t<h6 class=\"elementor-heading-title elementor-size-default\">OS MELHORES INSULFILMS DO MUNDO NO SEU CARRO, CASA OU PR\u00c9DIO<\/h6>\t\t\t\t<\/div>\n\t\t\t\t<\/div>\n\t\t\t\t<div class=\"elementor-element elementor-element-37b9e0b elementor-align-center elementor-mobile-align-center elementor-widget elementor-widget-button\" data-id=\"37b9e0b\" data-element_type=\"widget\" data-e-type=\"widget\" data-widget_type=\"button.default\">\n\t\t\t\t<div class=\"elementor-widget-container\">\n\t\t\t\t\t\t\t\t\t<div class=\"elementor-button-wrapper\">\n\t\t\t\t\t<a class=\"elementor-button elementor-button-link elementor-size-lg\" href=\"https:\/\/api.whatsapp.com\/send?phone=5521964222431\" target=\"_blank\" rel=\"noopener\">\n\t\t\t\t\t\t<span class=\"elementor-button-content-wrapper\">\n\t\t\t\t\t\t<span class=\"elementor-button-icon\">\n\t\t\t\t<i aria-hidden=\"true\" class=\"fab fa-whatsapp\"><\/i>\t\t\t<\/span>\n\t\t\t\t\t\t\t\t\t<span class=\"elementor-button-text\">fale com especialistas de verdade em pel\u00edculas<\/span>\n\t\t\t\t\t<\/span>\n\t\t\t\t\t<\/a>\n\t\t\t\t<\/div>\n\t\t\t\t\t\t\t\t<\/div>\n\t\t\t\t<\/div>\n\t\t\t\t\t<\/div>\n\t\t<\/div>\n\t\t\t\t\t<\/div>\n\t\t<\/section>\n\t\t\t\t<\/div>\n\t\t","protected":false},"excerpt":{"rendered":"<p>Pel\u00edculas para Casas, Pr\u00e9dios e Arquitetura em Geral Pel\u00edcula Transparente Para Brisa Pel\u00edculas escuras no para-brisa s\u00e3o proibidas. Existem pel\u00edculas transparentes para reduzir o calor sem trazer problemas para voc\u00ea caso sejaabordado em uma blitz. Pel\u00edculas de Redu\u00e7\u00e3o de Calor O para-brisa \u00e9 o maior vidro do carro, onde passa maior incid\u00eancia solar. Desenvolvida para &hellip;<\/p>\n<p class=\"read-more\"> <a class=\"\" href=\"https:\/\/hcontrolfilm.com.br\/novo\/pelicula-transparente-para-brisa\/\"> <span class=\"screen-reader-text\">Pel\u00edcula Transparente Para Brisa<\/span> Read More &raquo;<\/a><\/p>\n","protected":false},"author":1,"featured_media":0,"parent":0,"menu_order":0,"comment_status":"closed","ping_status":"closed","template":"","meta":{"site-sidebar-layout":"no-sidebar","site-content-layout":"page-builder","ast-global-header-display":"","ast-main-header-display":"","ast-hfb-above-header-display":"","ast-hfb-below-header-display":"","ast-hfb-mobile-header-display":"","site-post-title":"disabled","ast-breadcrumbs-content":"","ast-featured-img":"disabled","footer-sml-layout":"","theme-transparent-header-meta":"enabled","adv-header-id-meta":"","stick-header-meta":"","header-above-stick-meta":"","header-main-stick-meta":"","header-below-stick-meta":"","footnotes":""},"class_list":["post-11865","page","type-page","status-publish","hentry"],"_links":{"self":[{"href":"https:\/\/hcontrolfilm.com.br\/novo\/wp-json\/wp\/v2\/pages\/11865","targetHints":{"allow":["GET"]}}],"collection":[{"href":"https:\/\/hcontrolfilm.com.br\/novo\/wp-json\/wp\/v2\/pages"}],"about":[{"href":"https:\/\/hcontrolfilm.com.br\/novo\/wp-json\/wp\/v2\/types\/page"}],"author":[{"embeddable":true,"href":"https:\/\/hcontrolfilm.com.br\/novo\/wp-json\/wp\/v2\/users\/1"}],"replies":[{"embeddable":true,"href":"https:\/\/hcontrolfilm.com.br\/novo\/wp-json\/wp\/v2\/comments?post=11865"}],"version-history":[{"count":0,"href":"https:\/\/hcontrolfilm.com.br\/novo\/wp-json\/wp\/v2\/pages\/11865\/revisions"}],"wp:attachment":[{"href":"https:\/\/hcontrolfilm.com.br\/novo\/wp-json\/wp\/v2\/media?parent=11865"}],"curies":[{"name":"wp","href":"https:\/\/api.w.org\/{rel}","templated":true}]}}